{"id":56842,"date":"2023-06-27T08:14:07","date_gmt":"2023-06-27T08:14:07","guid":{"rendered":"https:\/\/datappeal.io\/support\/"},"modified":"2023-07-26T15:53:28","modified_gmt":"2023-07-26T15:53:28","slug":"support","status":"publish","type":"page","link":"https:\/\/datappeal.io\/pt\/support\/","title":{"rendered":"Suporte ao cliente"},"content":{"rendered":"[vc_row type=&#8221;full_width_background&#8221; full_screen_row_position=&#8221;middle&#8221; column_margin=&#8221;default&#8221; column_direction=&#8221;default&#8221; column_direction_tablet=&#8221;default&#8221; column_direction_phone=&#8221;default&#8221; bg_image=&#8221;55607&#8243; bg_position=&#8221;left top&#8221; background_image_loading=&#8221;default&#8221; bg_repeat=&#8221;no-repeat&#8221; scene_position=&#8221;center&#8221; top_padding=&#8221;12%&#8221; bottom_padding=&#8221;12%&#8221; top_padding_tablet=&#8221;10%&#8221; bottom_padding_tablet=&#8221;15%&#8221; bottom_padding_phone=&#8221;20%&#8221; text_color=&#8221;light&#8221; text_align=&#8221;left&#8221; row_border_radius=&#8221;none&#8221; row_border_radius_applies=&#8221;bg&#8221; overflow=&#8221;visible&#8221; class=&#8221;hero-solutions&#8221; enable_gradient=&#8221;true&#8221; color_overlay=&#8221;#2962f6&#8243; color_overlay_2=&#8221;rgba(0,0,0,0.39)&#8221; overlay_strength=&#8221;1&#8243; gradient_direction=&#8221;top_to_bottom&#8221; shape_divider_position=&#8221;bottom&#8221; bg_image_animation=&#8221;none&#8221; shape_type=&#8221;&#8221; gradient_type=&#8221;default&#8221;][vc_column column_padding=&#8221;no-extra-padding&#8221; column_padding_tablet=&#8221;inherit&#8221; column_padding_phone=&#8221;inherit&#8221; column_padding_position=&#8221;all&#8221; column_element_direction_desktop=&#8221;default&#8221; column_element_spacing=&#8221;default&#8221; desktop_text_alignment=&#8221;default&#8221; tablet_text_alignment=&#8221;default&#8221; phone_text_alignment=&#8221;default&#8221; background_color_opacity=&#8221;1&#8243; background_hover_color_opacity=&#8221;1&#8243; column_backdrop_filter=&#8221;none&#8221; column_shadow=&#8221;none&#8221; column_border_radius=&#8221;none&#8221; column_link_target=&#8221;_self&#8221; column_position=&#8221;default&#8221; gradient_direction=&#8221;left_to_right&#8221; overlay_strength=&#8221;0.3&#8243; width=&#8221;1\/1&#8243; tablet_width_inherit=&#8221;default&#8221; animation_type=&#8221;default&#8221; bg_image_animation=&#8221;none&#8221; border_type=&#8221;simple&#8221; column_border_width=&#8221;none&#8221; column_border_style=&#8221;solid&#8221;][vc_row_inner column_margin=&#8221;default&#8221; column_direction=&#8221;default&#8221; column_direction_tablet=&#8221;default&#8221; column_direction_phone=&#8221;default&#8221; text_align=&#8221;left&#8221; row_position=&#8221;default&#8221; row_position_tablet=&#8221;inherit&#8221; row_position_phone=&#8221;inherit&#8221; overflow=&#8221;visible&#8221; pointer_events=&#8221;all&#8221; el_id=&#8221;hero&#8221;][vc_column_inner column_padding=&#8221;no-extra-padding&#8221; column_padding_tablet=&#8221;inherit&#8221; column_padding_phone=&#8221;inherit&#8221; column_padding_position=&#8221;all&#8221; column_element_direction_desktop=&#8221;default&#8221; column_element_spacing=&#8221;default&#8221; desktop_text_alignment=&#8221;default&#8221; tablet_text_alignment=&#8221;default&#8221; phone_text_alignment=&#8221;default&#8221; background_color_opacity=&#8221;1&#8243; background_hover_color_opacity=&#8221;1&#8243; column_backdrop_filter=&#8221;none&#8221; column_shadow=&#8221;none&#8221; column_border_radius=&#8221;none&#8221; column_link_target=&#8221;_self&#8221; overflow=&#8221;visible&#8221; gradient_direction=&#8221;left_to_right&#8221; overlay_strength=&#8221;0.3&#8243; width=&#8221;2\/12&#8243; tablet_width_inherit=&#8221;default&#8221; animation_type=&#8221;default&#8221; bg_image_animation=&#8221;none&#8221; border_type=&#8221;simple&#8221; column_border_width=&#8221;none&#8221; column_border_style=&#8221;solid&#8221;][\/vc_column_inner][vc_column_inner column_padding=&#8221;padding-3-percent&#8221; column_padding_tablet=&#8221;inherit&#8221; column_padding_phone=&#8221;inherit&#8221; column_padding_position=&#8221;left-right&#8221; column_element_direction_desktop=&#8221;default&#8221; column_element_spacing=&#8221;default&#8221; centered_text=&#8221;true&#8221; desktop_text_alignment=&#8221;default&#8221; tablet_text_alignment=&#8221;default&#8221; phone_text_alignment=&#8221;default&#8221; background_color_opacity=&#8221;1&#8243; background_hover_color_opacity=&#8221;1&#8243; column_backdrop_filter=&#8221;none&#8221; column_shadow=&#8221;none&#8221; column_border_radius=&#8221;none&#8221; column_link_target=&#8221;_self&#8221; overflow=&#8221;visible&#8221; gradient_direction=&#8221;left_to_right&#8221; overlay_strength=&#8221;0.3&#8243; width=&#8221;8\/12&#8243; tablet_width_inherit=&#8221;default&#8221; animation_type=&#8221;default&#8221; bg_image_animation=&#8221;none&#8221; border_type=&#8221;simple&#8221; column_border_width=&#8221;none&#8221; column_border_style=&#8221;solid&#8221; column_padding_type=&#8221;default&#8221; gradient_type=&#8221;default&#8221;][vc_column_text][\/vc_column_text][vc_column_text]\n<h1>Suporte ao cliente<\/h1>\n[\/vc_column_text][\/vc_column_inner][vc_column_inner column_padding=&#8221;no-extra-padding&#8221; column_padding_tablet=&#8221;inherit&#8221; column_padding_phone=&#8221;inherit&#8221; column_padding_position=&#8221;all&#8221; column_element_direction_desktop=&#8221;default&#8221; column_element_spacing=&#8221;default&#8221; desktop_text_alignment=&#8221;default&#8221; tablet_text_alignment=&#8221;default&#8221; phone_text_alignment=&#8221;default&#8221; background_color_opacity=&#8221;1&#8243; background_hover_color_opacity=&#8221;1&#8243; column_backdrop_filter=&#8221;none&#8221; column_shadow=&#8221;none&#8221; column_border_radius=&#8221;none&#8221; column_link_target=&#8221;_self&#8221; overflow=&#8221;visible&#8221; gradient_direction=&#8221;left_to_right&#8221; overlay_strength=&#8221;0.3&#8243; width=&#8221;2\/12&#8243; tablet_width_inherit=&#8221;default&#8221; animation_type=&#8221;default&#8221; bg_image_animation=&#8221;none&#8221; border_type=&#8221;simple&#8221; column_border_width=&#8221;none&#8221; column_border_style=&#8221;solid&#8221;][\/vc_column_inner][\/vc_row_inner][vc_row_inner column_margin=&#8221;default&#8221; column_direction=&#8221;default&#8221; column_direction_tablet=&#8221;default&#8221; column_direction_phone=&#8221;default&#8221; top_padding_tablet=&#8221;0%&#8221; text_align=&#8221;left&#8221; row_position=&#8221;default&#8221; row_position_tablet=&#8221;inherit&#8221; row_position_phone=&#8221;inherit&#8221; overflow=&#8221;visible&#8221; pointer_events=&#8221;all&#8221; el_id=&#8221;hero&#8221;][vc_column_inner column_padding=&#8221;no-extra-padding&#8221; column_padding_tablet=&#8221;inherit&#8221; column_padding_phone=&#8221;inherit&#8221; column_padding_position=&#8221;all&#8221; column_element_direction_desktop=&#8221;default&#8221; column_element_spacing=&#8221;default&#8221; desktop_text_alignment=&#8221;default&#8221; tablet_text_alignment=&#8221;default&#8221; phone_text_alignment=&#8221;default&#8221; background_color_opacity=&#8221;1&#8243; background_hover_color_opacity=&#8221;1&#8243; column_backdrop_filter=&#8221;none&#8221; column_shadow=&#8221;none&#8221; column_border_radius=&#8221;none&#8221; column_link_target=&#8221;_self&#8221; overflow=&#8221;visible&#8221; gradient_direction=&#8221;left_to_right&#8221; overlay_strength=&#8221;0.3&#8243; width=&#8221;1\/6&#8243; tablet_width_inherit=&#8221;default&#8221; animation_type=&#8221;default&#8221; bg_image_animation=&#8221;none&#8221; border_type=&#8221;simple&#8221; column_border_width=&#8221;none&#8221; column_border_style=&#8221;solid&#8221;][\/vc_column_inner][vc_column_inner column_padding=&#8221;padding-5-percent&#8221; column_padding_tablet=&#8221;inherit&#8221; column_padding_phone=&#8221;inherit&#8221; column_padding_position=&#8221;left-right&#8221; top_margin_tablet=&#8221;-65px&#8221; column_element_direction_desktop=&#8221;default&#8221; column_element_spacing=&#8221;default&#8221; centered_text=&#8221;true&#8221; desktop_text_alignment=&#8221;default&#8221; tablet_text_alignment=&#8221;default&#8221; phone_text_alignment=&#8221;default&#8221; background_color_opacity=&#8221;1&#8243; background_hover_color_opacity=&#8221;1&#8243; column_backdrop_filter=&#8221;none&#8221; column_shadow=&#8221;none&#8221; column_border_radius=&#8221;none&#8221; column_link_target=&#8221;_self&#8221; overflow=&#8221;visible&#8221; gradient_direction=&#8221;left_to_right&#8221; overlay_strength=&#8221;0.3&#8243; width=&#8221;2\/3&#8243; tablet_width_inherit=&#8221;default&#8221; animation_type=&#8221;default&#8221; bg_image_animation=&#8221;none&#8221; border_type=&#8221;simple&#8221; column_border_width=&#8221;none&#8221; column_border_style=&#8221;solid&#8221; column_padding_type=&#8221;default&#8221; gradient_type=&#8221;default&#8221;][vc_column_text]\n<h4 style=\"font-weight: 800;\">Preencha o formul\u00e1rio para que nossa equipe de atendimento ao cliente possa ajud\u00e1-lo o mais r\u00e1pido poss\u00edvel.<\/h4>\n[\/vc_column_text][\/vc_column_inner][vc_column_inner column_padding=&#8221;no-extra-padding&#8221; column_padding_tablet=&#8221;inherit&#8221; column_padding_phone=&#8221;inherit&#8221; column_padding_position=&#8221;all&#8221; column_element_direction_desktop=&#8221;default&#8221; column_element_spacing=&#8221;default&#8221; desktop_text_alignment=&#8221;default&#8221; tablet_text_alignment=&#8221;default&#8221; phone_text_alignment=&#8221;default&#8221; background_color_opacity=&#8221;1&#8243; background_hover_color_opacity=&#8221;1&#8243; column_backdrop_filter=&#8221;none&#8221; column_shadow=&#8221;none&#8221; column_border_radius=&#8221;none&#8221; column_link_target=&#8221;_self&#8221; overflow=&#8221;visible&#8221; gradient_direction=&#8221;left_to_right&#8221; overlay_strength=&#8221;0.3&#8243; width=&#8221;1\/6&#8243; tablet_width_inherit=&#8221;default&#8221; animation_type=&#8221;default&#8221; bg_image_animation=&#8221;none&#8221; border_type=&#8221;simple&#8221; column_border_width=&#8221;none&#8221; column_border_style=&#8221;solid&#8221;][\/vc_column_inner][\/vc_row_inner][\/vc_column][\/vc_row][vc_row type=&#8221;full_width_background&#8221; full_screen_row_position=&#8221;middle&#8221; column_margin=&#8221;default&#8221; column_direction=&#8221;default&#8221; column_direction_tablet=&#8221;default&#8221; column_direction_phone=&#8221;default&#8221; bg_color=&#8221;#f5f5f5&#8243; scene_position=&#8221;center&#8221; top_padding=&#8221;3%&#8221; bottom_padding=&#8221;3%&#8221; top_padding_tablet=&#8221;15%&#8221; constrain_group_3=&#8221;yes&#8221; bottom_padding_tablet=&#8221;15%&#8221; text_color=&#8221;dark&#8221; text_align=&#8221;left&#8221; row_border_radius=&#8221;none&#8221; row_border_radius_applies=&#8221;bg&#8221; overflow=&#8221;visible&#8221; overlay_strength=&#8221;0.3&#8243; gradient_direction=&#8221;left_to_right&#8221; shape_divider_position=&#8221;bottom&#8221; bg_image_animation=&#8221;none&#8221; gradient_type=&#8221;default&#8221; shape_type=&#8221;&#8221;][vc_column column_padding=&#8221;padding-5-percent&#8221; column_padding_tablet=&#8221;no-extra-padding&#8221; column_padding_phone=&#8221;no-extra-padding&#8221; column_padding_position=&#8221;right&#8221; column_element_direction_desktop=&#8221;default&#8221; column_element_spacing=&#8221;default&#8221; desktop_text_alignment=&#8221;default&#8221; tablet_text_alignment=&#8221;default&#8221; phone_text_alignment=&#8221;default&#8221; background_color_opacity=&#8221;1&#8243; background_hover_color_opacity=&#8221;1&#8243; column_backdrop_filter=&#8221;none&#8221; column_shadow=&#8221;none&#8221; column_border_radius=&#8221;none&#8221; column_link_target=&#8221;_self&#8221; column_position=&#8221;default&#8221; gradient_direction=&#8221;left_to_right&#8221; overlay_strength=&#8221;0.3&#8243; width=&#8221;1\/6&#8243; tablet_width_inherit=&#8221;default&#8221; animation_type=&#8221;default&#8221; bg_image_animation=&#8221;none&#8221; border_type=&#8221;simple&#8221; column_border_width=&#8221;none&#8221; column_border_style=&#8221;solid&#8221; column_padding_type=&#8221;default&#8221; gradient_type=&#8221;default&#8221;][\/vc_column][vc_column column_padding=&#8221;padding-5-percent&#8221; column_padding_tablet=&#8221;inherit&#8221; column_padding_phone=&#8221;inherit&#8221; column_padding_position=&#8221;all&#8221; column_element_direction_desktop=&#8221;default&#8221; column_element_spacing=&#8221;default&#8221; centered_text=&#8221;true&#8221; desktop_text_alignment=&#8221;default&#8221; tablet_text_alignment=&#8221;default&#8221; phone_text_alignment=&#8221;default&#8221; background_color_opacity=&#8221;1&#8243; background_hover_color_opacity=&#8221;1&#8243; column_backdrop_filter=&#8221;none&#8221; column_shadow=&#8221;none&#8221; column_border_radius=&#8221;10px&#8221; column_link_target=&#8221;_self&#8221; column_position=&#8221;default&#8221; gradient_direction=&#8221;left_to_right&#8221; overlay_strength=&#8221;0.3&#8243; width=&#8221;2\/3&#8243; tablet_width_inherit=&#8221;default&#8221; animation_type=&#8221;default&#8221; bg_image_animation=&#8221;none&#8221; border_type=&#8221;simple&#8221; column_border_width=&#8221;none&#8221; column_border_style=&#8221;solid&#8221; column_padding_type=&#8221;default&#8221; gradient_type=&#8221;default&#8221;][vc_column_text]\n<h2 class=\"tb-f36-lg tb-f30-sm tb-font-name tb-big-heading tb-mt-5 tb-mt-3-sm tb-m0\">Abra um t\u00edquete para receber assist\u00eancia<\/h2>\n[\/vc_column_text][vc_raw_js]JTNDJTIxLS0lNUJpZiUyMGx0ZSUyMElFJTIwOCU1RCUzRSUwQSUzQ3NjcmlwdCUyMGNoYXJzZXQlM0QlMjJ1dGYtOCUyMiUyMHR5cGUlM0QlMjJ0ZXh0JTJGamF2YXNjcmlwdCUyMiUyMHNyYyUzRCUyMiUyRiUyRmpzLmhzZm9ybXMubmV0JTJGZm9ybXMlMkZ2Mi1sZWdhY3kuanMlMjIlM0UlM0MlMkZzY3JpcHQlM0UlMEElM0MlMjElNUJlbmRpZiU1RC0tJTNFJTBBJTNDc2NyaXB0JTIwY2hhcnNldCUzRCUyMnV0Zi04JTIyJTIwdHlwZSUzRCUyMnRleHQlMkZqYXZhc2NyaXB0JTIyJTIwc3JjJTNEJTIyJTJGJTJGanMuaHNmb3Jtcy5uZXQlMkZmb3JtcyUyRnYyLmpzJTIyJTNFJTNDJTJGc2NyaXB0JTNFJTBBJTNDc2NyaXB0JTNFJTBBJTIwJTIwaGJzcHQuZm9ybXMuY3JlYXRlJTI4JTdCJTBBJTA5cmVnaW9uJTNBJTIwJTIybmExJTIyJTJDJTBBJTA5cG9ydGFsSWQlM0ElMjAlMjIyMjQ1NzM4JTIyJTJDJTBBJTA5Zm9ybUlkJTNBJTIwJTIyMmRlOTQ5MGQtNmQyNC00NzUwLWExYmEtMjVlMjAyN2YxNTAwJTIyJTBBJTdEJTI5JTNCJTBBJTNDJTJGc2NyaXB0JTNF[\/vc_raw_js][divider line_type=&#8221;No Line&#8221; custom_height=&#8221;0px&#8221; custom_height_tablet=&#8221;50px&#8221;][\/vc_column][vc_column column_padding=&#8221;no-extra-padding&#8221; column_padding_tablet=&#8221;inherit&#8221; column_padding_phone=&#8221;inherit&#8221; column_padding_position=&#8221;all&#8221; column_element_direction_desktop=&#8221;default&#8221; column_element_spacing=&#8221;default&#8221; desktop_text_alignment=&#8221;default&#8221; tablet_text_alignment=&#8221;default&#8221; phone_text_alignment=&#8221;default&#8221; background_color_opacity=&#8221;1&#8243; background_hover_color_opacity=&#8221;1&#8243; column_backdrop_filter=&#8221;none&#8221; column_shadow=&#8221;none&#8221; column_border_radius=&#8221;none&#8221; column_link_target=&#8221;_self&#8221; column_position=&#8221;default&#8221; gradient_direction=&#8221;left_to_right&#8221; overlay_strength=&#8221;0.3&#8243; width=&#8221;1\/6&#8243; tablet_width_inherit=&#8221;default&#8221; animation_type=&#8221;default&#8221; bg_image_animation=&#8221;none&#8221; border_type=&#8221;simple&#8221; column_border_width=&#8221;none&#8221; column_border_style=&#8221;solid&#8221;][\/vc_column][\/vc_row]\n","protected":false},"excerpt":{"rendered":"<p>[vc_row type=&#8221;full_width_background&#8221; full_screen_row_position=&#8221;middle&#8221; column_margin=&#8221;default&#8221; column_direction=&#8221;default&#8221; column_direction_tablet=&#8221;default&#8221; column_direction_phone=&#8221;default&#8221; bg_image=&#8221;55607&#8243; bg_position=&#8221;left top&#8221; background_image_loading=&#8221;default&#8221; bg_repeat=&#8221;no-repeat&#8221; scene_position=&#8221;center&#8221; top_padding=&#8221;12%&#8221; bottom_padding=&#8221;12%&#8221; top_padding_tablet=&#8221;10%&#8221; bottom_padding_tablet=&#8221;15%&#8221; bottom_padding_phone=&#8221;20%&#8221; text_color=&#8221;light&#8221; text_align=&#8221;left&#8221; row_border_radius=&#8221;none&#8221; row_border_radius_applies=&#8221;bg&#8221; overflow=&#8221;visible&#8221; class=&#8221;hero-solutions&#8221; enable_gradient=&#8221;true&#8221; color_overlay=&#8221;#2962f6&#8243; color_overlay_2=&#8221;rgba(0,0,0,0.39)&#8221; overlay_strength=&#8221;1&#8243; gradient_direction=&#8221;top_to_bottom&#8221; shape_divider_position=&#8221;bottom&#8221;&#8230;<\/p>\n","protected":false},"author":1,"featured_media":55609,"parent":0,"menu_order":0,"comment_status":"closed","ping_status":"closed","template":"","meta":{"footnotes":""},"class_list":["post-56842","page","type-page","status-publish","has-post-thumbnail"],"yoast_head":"<!-- This site is optimized with the Yoast SEO plugin v27.1.1 - https:\/\/yoast.com\/product\/yoast-seo-wordpress\/ -->\n<title>Suporte ao cliente<\/title>\n<meta name=\"description\" content=\"Preencha o formul\u00e1rio para que nossa equipe de atendimento ao cliente possa ajud\u00e1-lo o mais r\u00e1pido poss\u00edvel.\" \/>\n<meta name=\"robots\" content=\"index, follow, max-snippet:-1, max-image-preview:large, max-video-preview:-1\" \/>\n<link rel=\"canonical\" href=\"https:\/\/datappeal.io\/pt\/support\/\" \/>\n<meta property=\"og:locale\" content=\"pt_PT\" \/>\n<meta property=\"og:type\" content=\"article\" \/>\n<meta property=\"og:title\" content=\"Suporte ao cliente\" \/>\n<meta property=\"og:description\" content=\"Preencha o formul\u00e1rio para que nossa equipe de atendimento ao cliente possa ajud\u00e1-lo o mais r\u00e1pido poss\u00edvel.\" \/>\n<meta property=\"og:url\" content=\"https:\/\/datappeal.io\/pt\/support\/\" \/>\n<meta property=\"og:site_name\" content=\"Data Appeal\" \/>\n<meta property=\"article:modified_time\" content=\"2023-07-26T15:53:28+00:00\" \/>\n<meta property=\"og:image\" content=\"https:\/\/datappeal.io\/wp-content\/uploads\/2023\/06\/Customer-Support.png\" \/>\n\t<meta property=\"og:image:width\" content=\"2202\" \/>\n\t<meta property=\"og:image:height\" content=\"1469\" \/>\n\t<meta property=\"og:image:type\" content=\"image\/png\" \/>\n<meta name=\"twitter:card\" content=\"summary_large_image\" \/>\n<meta name=\"twitter:image\" content=\"https:\/\/datappeal.io\/wp-content\/uploads\/2023\/06\/Customer-Support.png\" \/>\n<meta name=\"twitter:label1\" content=\"Est. reading time\" \/>\n\t<meta name=\"twitter:data1\" content=\"2 minutos\" \/>\n<script type=\"application\/ld+json\" class=\"yoast-schema-graph\">{\"@context\":\"https:\/\/schema.org\",\"@graph\":[{\"@type\":\"WebPage\",\"@id\":\"https:\/\/datappeal.io\/pt\/support\/\",\"url\":\"https:\/\/datappeal.io\/pt\/support\/\",\"name\":\"Suporte ao cliente\",\"isPartOf\":{\"@id\":\"https:\/\/datappeal.io\/#website\"},\"primaryImageOfPage\":{\"@id\":\"https:\/\/datappeal.io\/pt\/support\/#primaryimage\"},\"image\":{\"@id\":\"https:\/\/datappeal.io\/pt\/support\/#primaryimage\"},\"thumbnailUrl\":\"https:\/\/datappeal.io\/wp-content\/uploads\/2023\/06\/Customer-Support.png\",\"datePublished\":\"2023-06-27T08:14:07+00:00\",\"dateModified\":\"2023-07-26T15:53:28+00:00\",\"description\":\"Preencha o formul\u00e1rio para que nossa equipe de atendimento ao cliente possa ajud\u00e1-lo o mais r\u00e1pido poss\u00edvel.\",\"breadcrumb\":{\"@id\":\"https:\/\/datappeal.io\/pt\/support\/#breadcrumb\"},\"inLanguage\":\"pt-AO\",\"potentialAction\":[{\"@type\":\"ReadAction\",\"target\":[\"https:\/\/datappeal.io\/pt\/support\/\"]}]},{\"@type\":\"ImageObject\",\"inLanguage\":\"pt-AO\",\"@id\":\"https:\/\/datappeal.io\/pt\/support\/#primaryimage\",\"url\":\"https:\/\/datappeal.io\/wp-content\/uploads\/2023\/06\/Customer-Support.png\",\"contentUrl\":\"https:\/\/datappeal.io\/wp-content\/uploads\/2023\/06\/Customer-Support.png\",\"width\":2202,\"height\":1469,\"caption\":\"contatti\"},{\"@type\":\"BreadcrumbList\",\"@id\":\"https:\/\/datappeal.io\/pt\/support\/#breadcrumb\",\"itemListElement\":[{\"@type\":\"ListItem\",\"position\":1,\"name\":\"Home\",\"item\":\"https:\/\/datappeal.io\/pt\/\"},{\"@type\":\"ListItem\",\"position\":2,\"name\":\"Suporte ao cliente\"}]},{\"@type\":\"WebSite\",\"@id\":\"https:\/\/datappeal.io\/#website\",\"url\":\"https:\/\/datappeal.io\/\",\"name\":\"Data Appeal\",\"description\":\"Data-driven solutions for sustainable growth\",\"publisher\":{\"@id\":\"https:\/\/datappeal.io\/#organization\"},\"potentialAction\":[{\"@type\":\"SearchAction\",\"target\":{\"@type\":\"EntryPoint\",\"urlTemplate\":\"https:\/\/datappeal.io\/?s={search_term_string}\"},\"query-input\":{\"@type\":\"PropertyValueSpecification\",\"valueRequired\":true,\"valueName\":\"search_term_string\"}}],\"inLanguage\":\"pt-AO\"},{\"@type\":\"Organization\",\"@id\":\"https:\/\/datappeal.io\/#organization\",\"name\":\"Data Appeal\",\"url\":\"https:\/\/datappeal.io\/\",\"logo\":{\"@type\":\"ImageObject\",\"inLanguage\":\"pt-AO\",\"@id\":\"https:\/\/datappeal.io\/#\/schema\/logo\/image\/\",\"url\":\"https:\/\/datappeal.io\/wp-content\/uploads\/2023\/06\/data-appeal-logo.png\",\"contentUrl\":\"https:\/\/datappeal.io\/wp-content\/uploads\/2023\/06\/data-appeal-logo.png\",\"width\":1500,\"height\":533,\"caption\":\"Data Appeal\"},\"image\":{\"@id\":\"https:\/\/datappeal.io\/#\/schema\/logo\/image\/\"}}]}<\/script>\n<!-- \/ Yoast SEO plugin. -->","yoast_head_json":{"title":"Suporte ao cliente","description":"Preencha o formul\u00e1rio para que nossa equipe de atendimento ao cliente possa ajud\u00e1-lo o mais r\u00e1pido poss\u00edvel.","robots":{"index":"index","follow":"follow","max-snippet":"max-snippet:-1","max-image-preview":"max-image-preview:large","max-video-preview":"max-video-preview:-1"},"canonical":"https:\/\/datappeal.io\/pt\/support\/","og_locale":"pt_PT","og_type":"article","og_title":"Suporte ao cliente","og_description":"Preencha o formul\u00e1rio para que nossa equipe de atendimento ao cliente possa ajud\u00e1-lo o mais r\u00e1pido poss\u00edvel.","og_url":"https:\/\/datappeal.io\/pt\/support\/","og_site_name":"Data Appeal","article_modified_time":"2023-07-26T15:53:28+00:00","og_image":[{"width":2202,"height":1469,"url":"https:\/\/datappeal.io\/wp-content\/uploads\/2023\/06\/Customer-Support.png","type":"image\/png"}],"twitter_card":"summary_large_image","twitter_image":"https:\/\/datappeal.io\/wp-content\/uploads\/2023\/06\/Customer-Support.png","twitter_misc":{"Est. reading time":"2 minutos"},"schema":{"@context":"https:\/\/schema.org","@graph":[{"@type":"WebPage","@id":"https:\/\/datappeal.io\/pt\/support\/","url":"https:\/\/datappeal.io\/pt\/support\/","name":"Suporte ao cliente","isPartOf":{"@id":"https:\/\/datappeal.io\/#website"},"primaryImageOfPage":{"@id":"https:\/\/datappeal.io\/pt\/support\/#primaryimage"},"image":{"@id":"https:\/\/datappeal.io\/pt\/support\/#primaryimage"},"thumbnailUrl":"https:\/\/datappeal.io\/wp-content\/uploads\/2023\/06\/Customer-Support.png","datePublished":"2023-06-27T08:14:07+00:00","dateModified":"2023-07-26T15:53:28+00:00","description":"Preencha o formul\u00e1rio para que nossa equipe de atendimento ao cliente possa ajud\u00e1-lo o mais r\u00e1pido poss\u00edvel.","breadcrumb":{"@id":"https:\/\/datappeal.io\/pt\/support\/#breadcrumb"},"inLanguage":"pt-AO","potentialAction":[{"@type":"ReadAction","target":["https:\/\/datappeal.io\/pt\/support\/"]}]},{"@type":"ImageObject","inLanguage":"pt-AO","@id":"https:\/\/datappeal.io\/pt\/support\/#primaryimage","url":"https:\/\/datappeal.io\/wp-content\/uploads\/2023\/06\/Customer-Support.png","contentUrl":"https:\/\/datappeal.io\/wp-content\/uploads\/2023\/06\/Customer-Support.png","width":2202,"height":1469,"caption":"contatti"},{"@type":"BreadcrumbList","@id":"https:\/\/datappeal.io\/pt\/support\/#breadcrumb","itemListElement":[{"@type":"ListItem","position":1,"name":"Home","item":"https:\/\/datappeal.io\/pt\/"},{"@type":"ListItem","position":2,"name":"Suporte ao cliente"}]},{"@type":"WebSite","@id":"https:\/\/datappeal.io\/#website","url":"https:\/\/datappeal.io\/","name":"Data Appeal","description":"Data-driven solutions for sustainable growth","publisher":{"@id":"https:\/\/datappeal.io\/#organization"},"potentialAction":[{"@type":"SearchAction","target":{"@type":"EntryPoint","urlTemplate":"https:\/\/datappeal.io\/?s={search_term_string}"},"query-input":{"@type":"PropertyValueSpecification","valueRequired":true,"valueName":"search_term_string"}}],"inLanguage":"pt-AO"},{"@type":"Organization","@id":"https:\/\/datappeal.io\/#organization","name":"Data Appeal","url":"https:\/\/datappeal.io\/","logo":{"@type":"ImageObject","inLanguage":"pt-AO","@id":"https:\/\/datappeal.io\/#\/schema\/logo\/image\/","url":"https:\/\/datappeal.io\/wp-content\/uploads\/2023\/06\/data-appeal-logo.png","contentUrl":"https:\/\/datappeal.io\/wp-content\/uploads\/2023\/06\/data-appeal-logo.png","width":1500,"height":533,"caption":"Data Appeal"},"image":{"@id":"https:\/\/datappeal.io\/#\/schema\/logo\/image\/"}}]}},"_links":{"self":[{"href":"https:\/\/datappeal.io\/pt\/wp-json\/wp\/v2\/pages\/56842","targetHints":{"allow":["GET"]}}],"collection":[{"href":"https:\/\/datappeal.io\/pt\/wp-json\/wp\/v2\/pages"}],"about":[{"href":"https:\/\/datappeal.io\/pt\/wp-json\/wp\/v2\/types\/page"}],"author":[{"embeddable":true,"href":"https:\/\/datappeal.io\/pt\/wp-json\/wp\/v2\/users\/1"}],"replies":[{"embeddable":true,"href":"https:\/\/datappeal.io\/pt\/wp-json\/wp\/v2\/comments?post=56842"}],"version-history":[{"count":3,"href":"https:\/\/datappeal.io\/pt\/wp-json\/wp\/v2\/pages\/56842\/revisions"}],"predecessor-version":[{"id":57302,"href":"https:\/\/datappeal.io\/pt\/wp-json\/wp\/v2\/pages\/56842\/revisions\/57302"}],"wp:featuredmedia":[{"embeddable":true,"href":"https:\/\/datappeal.io\/pt\/wp-json\/wp\/v2\/media\/55609"}],"wp:attachment":[{"href":"https:\/\/datappeal.io\/pt\/wp-json\/wp\/v2\/media?parent=56842"}],"curies":[{"name":"wp","href":"https:\/\/api.w.org\/{rel}","templated":true}]}}